{"id":97,"date":"2012-10-16T20:22:01","date_gmt":"2012-10-16T20:22:01","guid":{"rendered":"https:\/\/www.hospitaldelinares.gob.cl\/?page_id=97"},"modified":"2017-04-12T09:56:01","modified_gmt":"2017-04-12T12:56:01","slug":"centro-de-responsabilidad-de-emergencia","status":"publish","type":"page","link":"https:\/\/www.hospitaldelinares.gob.cl\/?page_id=97","title":{"rendered":"Centro de Responsabilidad Unidad de Emergencia Hospitalaria"},"content":{"rendered":"<p>La Unidad de Emergencia del Hospital de Linares, est\u00e1 ubicada f\u00edsicamente en el primer nivel del establecimiento. El acceso peatonal y vehicular se realiza por la calla Kurt Moller.<\/p>\n<p>Este Centro de Responsabilidad, posee 4 especialidades base, las cuales son: Pediatr\u00eda, Cirug\u00eda, Medicina y Ginecolog\u00eda\u2013Obst\u00e9trica.<\/p>\n<p>El Centro de Responsabilidad de Emergencia cuenta con 1 Sala de Espera para todos los pacientes. La planta f\u00edsica cuenta con un cub\u00edculo para selector de demanda con 1 camilla, un Box de reanimaci\u00f3n con 2 camillas, la atenci\u00f3n de adultos para pacientes m\u00e9dicos y quir\u00fargicos cuenta con 8 camillas, el \u00e1rea pedi\u00e1trica cuenta con 6 camillas y el Box de atenci\u00f3n obst\u00e9trica cuenta con 1 camilla.<\/p>\n<h3>Objetivos:<\/h3>\n<p>Satisfacer las necesidades de Urgencia vital en forma continua y recuperar la salud de la comunidad ante situaciones de Emergencia M\u00e9dica; organizar la atenci\u00f3n sanitaria y adoptar medidas para hacer frente a los siniestros y accidentes colectivos a trav\u00e9s de un plan de contingencia; optimizar el flujo de pacientes, y priorizar la atenci\u00f3n de las personas de acuerdo a criterios de gravedad, a trav\u00e9s del selector Demanda.<\/p>\n<h3>Misi\u00f3n:<\/h3>\n<p>Contribuir a mejorar la calidad de vida de nuestros usuarios, con la activa participaci\u00f3n del sistema p\u00fablico.<\/p>\n<h3>Contacto:<\/h3>\n<p>Encargado: Dra. Debbie Fuster Alarcon<br \/>\nCorreo Electr\u00f3nico: urgenciahbl@hospitaldelinares.cl<br \/>\nTel\u00e9fono: (73) 2 566 627<\/p>\n<h4 style=\"text-align: right;\" align=\"justify\"><a href=\"https:\/\/www.hospitaldelinares.gob.cl\/?page_id=46\">Volver Atras<\/a><\/h4>\n","protected":false},"excerpt":{"rendered":"<p>La Unidad de Emergencia del Hospital de Linares, est\u00e1 ubicada f\u00edsicamente en el primer nivel del establecimiento. El acceso peatonal y vehicular se realiza por la calla Kurt Moller. Este Centro de Responsabilidad, posee 4 [&hellip;]<\/p>\n","protected":false},"author":2,"featured_media":0,"parent":0,"menu_order":0,"comment_status":"open","ping_status":"open","template":"","meta":{"footnotes":""},"class_list":["post-97","page","type-page","status-publish","hentry"],"_links":{"self":[{"href":"https:\/\/www.hospitaldelinares.gob.cl\/index.php?rest_route=\/wp\/v2\/pages\/97","targetHints":{"allow":["GET"]}}],"collection":[{"href":"https:\/\/www.hospitaldelinares.gob.cl\/index.php?rest_route=\/wp\/v2\/pages"}],"about":[{"href":"https:\/\/www.hospitaldelinares.gob.cl\/index.php?rest_route=\/wp\/v2\/types\/page"}],"author":[{"embeddable":true,"href":"https:\/\/www.hospitaldelinares.gob.cl\/index.php?rest_route=\/wp\/v2\/users\/2"}],"replies":[{"embeddable":true,"href":"https:\/\/www.hospitaldelinares.gob.cl\/index.php?rest_route=%2Fwp%2Fv2%2Fcomments&post=97"}],"version-history":[{"count":14,"href":"https:\/\/www.hospitaldelinares.gob.cl\/index.php?rest_route=\/wp\/v2\/pages\/97\/revisions"}],"predecessor-version":[{"id":8288,"href":"https:\/\/www.hospitaldelinares.gob.cl\/index.php?rest_route=\/wp\/v2\/pages\/97\/revisions\/8288"}],"wp:attachment":[{"href":"https:\/\/www.hospitaldelinares.gob.cl\/index.php?rest_route=%2Fwp%2Fv2%2Fmedia&parent=97"}],"curies":[{"name":"wp","href":"https:\/\/api.w.org\/{rel}","templated":true}]}}