{"id":94,"date":"2012-10-16T20:20:57","date_gmt":"2012-10-16T20:20:57","guid":{"rendered":"https:\/\/www.hospitaldelinares.gob.cl\/?page_id=94"},"modified":"2017-04-12T09:55:48","modified_gmt":"2017-04-12T12:55:48","slug":"centro-de-responsabilidad-quirurgico","status":"publish","type":"page","link":"https:\/\/www.hospitaldelinares.gob.cl\/?page_id=94","title":{"rendered":"Centro de Responsabilidad Quir\u00fargico"},"content":{"rendered":"<p>Este Centro de Responsabilidad est\u00e1 ubicado en el segundo piso del establecimiento y est\u00e1 conformado por 2 sectores: Cirug\u00eda Hombres y Cirug\u00eda Mujeres. Actualmente cuenta con un total de 65 camas, de las cuales 20 se encuentran en salas de agudo.<\/p>\n<h3>Objetivos:<\/h3>\n<p>Las principales funciones del CR Quir\u00fargico son visitar pacientes hospitalizados, realizar cirug\u00edas y hacer policl\u00ednicos. Atiende adem\u00e1s las patolog\u00edas GES que implican principalmente Colecistolitiasis, Colecistectomias, C\u00e1ncer G\u00e1strico, C\u00e1ncer de Mamas. Atiende adem\u00e1s patolog\u00edas de alta prevalencia con relevancia cl\u00ednica como Hernias en la pared abdominal, Colecistolitiasis y Poliposis, C\u00e1ncer de colon y recto, Cirug\u00eda de p\u00e1ncreas distal, tumores abdominales, tumores de partes blandas y Cirug\u00eda de gl\u00e1ndulas salivales.<\/p>\n<p>En cuanto a las patolog\u00edas atendidas por Urolog\u00eda estas son principalmente GES: C\u00e1ncer de Pr\u00f3stata y de Test\u00edculo.<\/p>\n<h3>Misi\u00f3n:<\/h3>\n<p>Brindar atenci\u00f3n m\u00e9dico-quir\u00fargico y de cuidados de enfermer\u00eda, tendientes a satisfacer las demandas de la poblaci\u00f3n beneficiaria en forma oportuna, eficaz y de calidad.<\/p>\n<h3>Contacto:<\/h3>\n<p>Encargado: Dr.\u00a0Luis Alfredo C\u00e1ceres Gola<br \/>\nCorreo Electr\u00f3nico: scirugia@hospitaldelinares.cl<br \/>\nTel\u00e9fono: (73) 2 566 494<\/p>\n<p>&nbsp;<\/p>\n<h4 style=\"text-align: right;\" align=\"justify\"><a href=\"https:\/\/www.hospitaldelinares.gob.cl\/?page_id=46\">Volver Atras<\/a><\/h4>\n","protected":false},"excerpt":{"rendered":"<p>Este Centro de Responsabilidad est\u00e1 ubicado en el segundo piso del establecimiento y est\u00e1 conformado por 2 sectores: Cirug\u00eda Hombres y Cirug\u00eda Mujeres. Actualmente cuenta con un total de 65 camas, de las cuales 20 [&hellip;]<\/p>\n","protected":false},"author":2,"featured_media":0,"parent":0,"menu_order":0,"comment_status":"open","ping_status":"open","template":"","meta":{"footnotes":""},"class_list":["post-94","page","type-page","status-publish","hentry"],"_links":{"self":[{"href":"https:\/\/www.hospitaldelinares.gob.cl\/index.php?rest_route=\/wp\/v2\/pages\/94","targetHints":{"allow":["GET"]}}],"collection":[{"href":"https:\/\/www.hospitaldelinares.gob.cl\/index.php?rest_route=\/wp\/v2\/pages"}],"about":[{"href":"https:\/\/www.hospitaldelinares.gob.cl\/index.php?rest_route=\/wp\/v2\/types\/page"}],"author":[{"embeddable":true,"href":"https:\/\/www.hospitaldelinares.gob.cl\/index.php?rest_route=\/wp\/v2\/users\/2"}],"replies":[{"embeddable":true,"href":"https:\/\/www.hospitaldelinares.gob.cl\/index.php?rest_route=%2Fwp%2Fv2%2Fcomments&post=94"}],"version-history":[{"count":8,"href":"https:\/\/www.hospitaldelinares.gob.cl\/index.php?rest_route=\/wp\/v2\/pages\/94\/revisions"}],"predecessor-version":[{"id":8286,"href":"https:\/\/www.hospitaldelinares.gob.cl\/index.php?rest_route=\/wp\/v2\/pages\/94\/revisions\/8286"}],"wp:attachment":[{"href":"https:\/\/www.hospitaldelinares.gob.cl\/index.php?rest_route=%2Fwp%2Fv2%2Fmedia&parent=94"}],"curies":[{"name":"wp","href":"https:\/\/api.w.org\/{rel}","templated":true}]}}