{"id":7350,"date":"2016-08-29T13:07:50","date_gmt":"2016-08-29T16:07:50","guid":{"rendered":"https:\/\/www.hospitaldelinares.gob.cl\/?page_id=7350"},"modified":"2024-09-27T09:36:54","modified_gmt":"2024-09-27T13:36:54","slug":"pagina-de-subdireccion-de-recursos-humanos-hospital-de-linares","status":"publish","type":"page","link":"https:\/\/www.hospitaldelinares.gob.cl\/?page_id=7350","title":{"rendered":"P\u00e1gina de Subdirecci\u00f3n de Recursos Humanos &#8211; Hospital de Linares"},"content":{"rendered":"<h3>Esta secci\u00f3n posee la informaci\u00f3n asociada a la Subdirecci\u00f3n de Recursos Humanos del Hospital de Linares y todas sus unidades.<\/h3>\n<h3>Haciendo click en la imagen correspondiente puede acceder a la Unidad que desee consultar.<\/h3>\n<p>&nbsp;<\/p>\n<p style=\"text-align: center;\"><a href=\"http:\/\/10.7.196.19\/autoconsulta\/\" target=\"_blank\" rel=\"noopener\"><img loading=\"lazy\" decoding=\"async\" class=\"alignnone wp-image-7355\" src=\"\/wp-content\/uploads\/2022\/05\/Autoconsulta-SIRH.png\" rel=\"lightbox\" title=\"P\u00e1gina de Subdirecci\u00f3n de Recursos Humanos - Hospital de Linares\" alt=\"PrevencionDeRiesgos\" width=\"340\" height=\"115\" \/><\/a><\/p>\n<p style=\"text-align: center;\"><a href=\"\/wp-content\/uploads\/2022\/06\/Puntajes-definitivos-concurso-de-encasillamiento-Ley-N\u00b0-21.106.pdf\" target=\"_blank\" rel=\"noopener\"><img loading=\"lazy\" decoding=\"async\" class=\"alignnone wp-image-7355\" src=\"\/wp-content\/uploads\/2022\/06\/traspaso-espejo.jpg\" rel=\"lightbox\" title=\"P\u00e1gina de Subdirecci\u00f3n de Recursos Humanos - Hospital de Linares\" alt=\"PrevencionDeRiesgos\" width=\"340\" height=\"115\" \/><\/a><\/p>\n<p style=\"text-align: center;\"><a href=\"\/wp-content\/uploads\/2022\/06\/NUMERO-DE-CARGOS-DFL-N\u00b0-2.pdf\" target=\"_blank\" rel=\"noopener\"><img loading=\"lazy\" decoding=\"async\" class=\"alignnone wp-image-7355\" src=\"\/wp-content\/uploads\/2022\/06\/No-de-Cargos.jpg\" rel=\"lightbox\" title=\"P\u00e1gina de Subdirecci\u00f3n de Recursos Humanos - Hospital de Linares\" alt=\"PrevencionDeRiesgos\" width=\"340\" height=\"115\" \/><\/a><\/p>\n<p style=\"text-align: center;\"><a href=\"https:\/\/www.hospitaldelinares.gob.cl\/?cat=79\"><img loading=\"lazy\" decoding=\"async\" class=\"alignnone wp-image-7351\" src=\"\/hoslina\/wp-content\/uploads\/2016\/08\/Bienestar-720x242.jpg\" rel=\"lightbox\" title=\"P\u00e1gina de Subdirecci\u00f3n de Recursos Humanos - Hospital de Linares\" alt=\"Bienestar\" width=\"340\" height=\"114\" srcset=\"https:\/\/www.hospitaldelinares.gob.cl\/wp-content\/uploads\/2016\/08\/Bienestar-720x242.jpg 720w, https:\/\/www.hospitaldelinares.gob.cl\/wp-content\/uploads\/2016\/08\/Bienestar-768x258.jpg 768w\" sizes=\"auto, (max-width: 340px) 100vw, 340px\" \/><\/a><\/p>\n<p style=\"text-align: center;\"><a href=\"https:\/\/www.hospitaldelinares.gob.cl\/?cat=80\"><img loading=\"lazy\" decoding=\"async\" class=\"aligncenter wp-image-7352\" src=\"\/hoslina\/wp-content\/uploads\/2016\/08\/Capacitacion-720x243.jpg\" rel=\"lightbox\" title=\"P\u00e1gina de Subdirecci\u00f3n de Recursos Humanos - Hospital de Linares\" alt=\"Capacitacion\" width=\"340\" height=\"115\" srcset=\"https:\/\/www.hospitaldelinares.gob.cl\/wp-content\/uploads\/2016\/08\/Capacitacion-720x243.jpg 720w, https:\/\/www.hospitaldelinares.gob.cl\/wp-content\/uploads\/2016\/08\/Capacitacion-768x260.jpg 768w\" sizes=\"auto, (max-width: 340px) 100vw, 340px\" \/><\/a><\/p>\n<p style=\"text-align: center;\"><a href=\"https:\/\/www.hospitaldelinares.gob.cl\/?cat=81\"><img loading=\"lazy\" decoding=\"async\" class=\"aligncenter wp-image-7353\" src=\"\/hoslina\/wp-content\/uploads\/2016\/08\/DesarrolloOrganizacional-720x242.jpg\" rel=\"lightbox\" title=\"P\u00e1gina de Subdirecci\u00f3n de Recursos Humanos - Hospital de Linares\" alt=\"DesarrolloOrganizacional\" width=\"340\" height=\"114\" srcset=\"https:\/\/www.hospitaldelinares.gob.cl\/wp-content\/uploads\/2016\/08\/DesarrolloOrganizacional-720x242.jpg 720w, https:\/\/www.hospitaldelinares.gob.cl\/wp-content\/uploads\/2016\/08\/DesarrolloOrganizacional-768x258.jpg 768w\" sizes=\"auto, (max-width: 340px) 100vw, 340px\" \/><\/a><\/p>\n<p style=\"text-align: center;\"><a href=\"https:\/\/www.hospitaldelinares.gob.cl\/?cat=84\"><img loading=\"lazy\" decoding=\"async\" class=\"aligncenter wp-image-7354\" src=\"\/hoslina\/wp-content\/uploads\/2016\/08\/GestionDeLasPersonas-720x244.jpg\" rel=\"lightbox\" title=\"P\u00e1gina de Subdirecci\u00f3n de Recursos Humanos - Hospital de Linares\" alt=\"GestionDeLasPersonas\" width=\"340\" height=\"115\" srcset=\"https:\/\/www.hospitaldelinares.gob.cl\/wp-content\/uploads\/2016\/08\/GestionDeLasPersonas-720x244.jpg 720w, https:\/\/www.hospitaldelinares.gob.cl\/wp-content\/uploads\/2016\/08\/GestionDeLasPersonas-768x260.jpg 768w\" sizes=\"auto, (max-width: 340px) 100vw, 340px\" \/><\/a><\/p>\n<p style=\"text-align: center;\"><a href=\"https:\/\/www.hospitaldelinares.gob.cl\/?cat=111\"><img loading=\"lazy\" decoding=\"async\" class=\"alignnone wp-image-12954\" src=\"\/wp-content\/uploads\/2023\/12\/salud-ocupacional-1.jpg\" rel=\"lightbox\" title=\"P\u00e1gina de Subdirecci\u00f3n de Recursos Humanos - Hospital de Linares\" alt=\"\" width=\"342\" height=\"116\" srcset=\"https:\/\/www.hospitaldelinares.gob.cl\/wp-content\/uploads\/2023\/12\/salud-ocupacional-1.jpg 2181w, https:\/\/www.hospitaldelinares.gob.cl\/wp-content\/uploads\/2023\/12\/salud-ocupacional-1-720x244.jpg 720w, https:\/\/www.hospitaldelinares.gob.cl\/wp-content\/uploads\/2023\/12\/salud-ocupacional-1-768x260.jpg 768w, https:\/\/www.hospitaldelinares.gob.cl\/wp-content\/uploads\/2023\/12\/salud-ocupacional-1-1536x520.jpg 1536w, https:\/\/www.hospitaldelinares.gob.cl\/wp-content\/uploads\/2023\/12\/salud-ocupacional-1-2048x694.jpg 2048w\" sizes=\"auto, (max-width: 342px) 100vw, 342px\" \/><\/a><\/p>\n<p><a href=\"https:\/\/www.hospitaldelinares.gob.cl\/?cat=102\"><img loading=\"lazy\" decoding=\"async\" class=\"aligncenter wp-image-13673\" src=\"\/wp-content\/uploads\/2024\/09\/seleccion-1.jpg\" rel=\"lightbox\" title=\"P\u00e1gina de Subdirecci\u00f3n de Recursos Humanos - Hospital de Linares\" alt=\"\" width=\"342\" height=\"116\" srcset=\"https:\/\/www.hospitaldelinares.gob.cl\/wp-content\/uploads\/2024\/09\/seleccion-1.jpg 2181w, https:\/\/www.hospitaldelinares.gob.cl\/wp-content\/uploads\/2024\/09\/seleccion-1-720x244.jpg 720w, https:\/\/www.hospitaldelinares.gob.cl\/wp-content\/uploads\/2024\/09\/seleccion-1-768x260.jpg 768w, https:\/\/www.hospitaldelinares.gob.cl\/wp-content\/uploads\/2024\/09\/seleccion-1-1536x520.jpg 1536w, https:\/\/www.hospitaldelinares.gob.cl\/wp-content\/uploads\/2024\/09\/seleccion-1-2048x694.jpg 2048w\" sizes=\"auto, (max-width: 342px) 100vw, 342px\" \/><\/a><\/p>\n","protected":false},"excerpt":{"rendered":"<p>Esta secci\u00f3n posee la informaci\u00f3n asociada a la Subdirecci\u00f3n de Recursos Humanos del Hospital de Linares y todas sus unidades. Haciendo click en la imagen correspondiente puede acceder a la Unidad que desee consultar. &nbsp;<\/p>\n","protected":false},"author":2,"featured_media":7355,"parent":0,"menu_order":0,"comment_status":"closed","ping_status":"closed","template":"","meta":{"footnotes":""},"class_list":["post-7350","page","type-page","status-publish","hentry"],"_links":{"self":[{"href":"https:\/\/www.hospitaldelinares.gob.cl\/index.php?rest_route=\/wp\/v2\/pages\/7350","targetHints":{"allow":["GET"]}}],"collection":[{"href":"https:\/\/www.hospitaldelinares.gob.cl\/index.php?rest_route=\/wp\/v2\/pages"}],"about":[{"href":"https:\/\/www.hospitaldelinares.gob.cl\/index.php?rest_route=\/wp\/v2\/types\/page"}],"author":[{"embeddable":true,"href":"https:\/\/www.hospitaldelinares.gob.cl\/index.php?rest_route=\/wp\/v2\/users\/2"}],"replies":[{"embeddable":true,"href":"https:\/\/www.hospitaldelinares.gob.cl\/index.php?rest_route=%2Fwp%2Fv2%2Fcomments&post=7350"}],"version-history":[{"count":35,"href":"https:\/\/www.hospitaldelinares.gob.cl\/index.php?rest_route=\/wp\/v2\/pages\/7350\/revisions"}],"predecessor-version":[{"id":13675,"href":"https:\/\/www.hospitaldelinares.gob.cl\/index.php?rest_route=\/wp\/v2\/pages\/7350\/revisions\/13675"}],"wp:featuredmedia":[{"embeddable":true,"href":"https:\/\/www.hospitaldelinares.gob.cl\/index.php?rest_route=\/wp\/v2\/media\/7355"}],"wp:attachment":[{"href":"https:\/\/www.hospitaldelinares.gob.cl\/index.php?rest_route=%2Fwp%2Fv2%2Fmedia&parent=7350"}],"curies":[{"name":"wp","href":"https:\/\/api.w.org\/{rel}","templated":true}]}}