{"id":62,"date":"2012-10-16T19:42:41","date_gmt":"2012-10-16T19:42:41","guid":{"rendered":"https:\/\/www.hospitaldelinares.gob.cl\/?page_id=62"},"modified":"2021-03-10T16:37:59","modified_gmt":"2021-03-10T19:37:59","slug":"derechos-y-deberes-de-los-pacientes","status":"publish","type":"page","link":"https:\/\/www.hospitaldelinares.gob.cl\/?page_id=62","title":{"rendered":"Derechos y Deberes de los Pacientes"},"content":{"rendered":"<p>El 01 de octubre de 2012 entr\u00f3 en vigencia la Ley de Derechos y Deberes de los Pacientes que establece cu\u00e1les son los derechos y deberes de las personas en relaci\u00f3n con las acciones vinculadas a su atenci\u00f3n de salud.<\/p>\n<p>Esta iniciativa legal resguarda principios b\u00e1sicos de atenci\u00f3n en salud, disposiciones que se aplicar\u00e1n tanto en el sector p\u00fablico como privado.<\/p>\n<p>Esta ley viene a fortalecer el eje principal de la salud p\u00fablica en nuestro pa\u00eds: los usuarios.<\/p>\n<p style=\"text-align: center;\"><a href=\"\/wp-content\/uploads\/2021\/03\/Nuevos_Derechos_Deberes.jpg\" rel=\"lightbox\" title=\"Derechos y Deberes de los Pacientes\"><img loading=\"lazy\" decoding=\"async\" class=\"aligncenter wp-image-10682 size-full\" src=\"\/wp-content\/uploads\/2021\/03\/Nuevos_Derechos_Deberes.jpg\" alt=\"\" width=\"640\" height=\"619\" srcset=\"https:\/\/www.hospitaldelinares.gob.cl\/wp-content\/uploads\/2021\/03\/Nuevos_Derechos_Deberes.jpg 640w, https:\/\/www.hospitaldelinares.gob.cl\/wp-content\/uploads\/2021\/03\/Nuevos_Derechos_Deberes-331x320.jpg 331w\" sizes=\"auto, (max-width: 640px) 100vw, 640px\" \/><\/a><\/p>\n","protected":false},"excerpt":{"rendered":"<p>El 01 de octubre de 2012 entr\u00f3 en vigencia la Ley de Derechos y Deberes de los Pacientes que establece cu\u00e1les son los derechos y deberes de las personas en relaci\u00f3n con las acciones vinculadas [&hellip;]<\/p>\n","protected":false},"author":2,"featured_media":10682,"parent":0,"menu_order":0,"comment_status":"open","ping_status":"open","template":"","meta":{"footnotes":""},"class_list":["post-62","page","type-page","status-publish","hentry"],"_links":{"self":[{"href":"https:\/\/www.hospitaldelinares.gob.cl\/index.php?rest_route=\/wp\/v2\/pages\/62","targetHints":{"allow":["GET"]}}],"collection":[{"href":"https:\/\/www.hospitaldelinares.gob.cl\/index.php?rest_route=\/wp\/v2\/pages"}],"about":[{"href":"https:\/\/www.hospitaldelinares.gob.cl\/index.php?rest_route=\/wp\/v2\/types\/page"}],"author":[{"embeddable":true,"href":"https:\/\/www.hospitaldelinares.gob.cl\/index.php?rest_route=\/wp\/v2\/users\/2"}],"replies":[{"embeddable":true,"href":"https:\/\/www.hospitaldelinares.gob.cl\/index.php?rest_route=%2Fwp%2Fv2%2Fcomments&post=62"}],"version-history":[{"count":14,"href":"https:\/\/www.hospitaldelinares.gob.cl\/index.php?rest_route=\/wp\/v2\/pages\/62\/revisions"}],"predecessor-version":[{"id":10683,"href":"https:\/\/www.hospitaldelinares.gob.cl\/index.php?rest_route=\/wp\/v2\/pages\/62\/revisions\/10683"}],"wp:featuredmedia":[{"embeddable":true,"href":"https:\/\/www.hospitaldelinares.gob.cl\/index.php?rest_route=\/wp\/v2\/media\/10682"}],"wp:attachment":[{"href":"https:\/\/www.hospitaldelinares.gob.cl\/index.php?rest_route=%2Fwp%2Fv2%2Fmedia&parent=62"}],"curies":[{"name":"wp","href":"https:\/\/api.w.org\/{rel}","templated":true}]}}