{"id":48,"date":"2012-10-16T19:35:56","date_gmt":"2012-10-16T19:35:56","guid":{"rendered":"https:\/\/www.hospitaldelinares.gob.cl\/?page_id=48"},"modified":"2026-03-09T07:45:39","modified_gmt":"2026-03-09T11:45:39","slug":"cotice-con-nosotros","status":"publish","type":"page","link":"https:\/\/www.hospitaldelinares.gob.cl\/?page_id=48","title":{"rendered":"Cotice con Nosotros"},"content":{"rendered":"<p>Esta secci\u00f3n le permite cotizar<span style=\"color: #ff0000;\">*<\/span> los servicios otorgados por el Hospital de Linares.<\/p>\n<p>Los servicios a cotizar se dividen en cuatro categor\u00edas:<\/p>\n<ol>\n<li>\n<h4><a title=\"Aranceles Libre Elecci\u00f3n FONASA\" href=\"\/wp-content\/uploads\/2026\/03\/Arancel-Pensionado-2026-Dias-Cama-Der.-Pabellon-Fonasa-MLE.pdf\" target=\"_blank\" rel=\"noopener\">Aranceles D\u00eda Cama y Derecho a Pabell\u00f3n 2026 para Pacientes FONASA Modalidad Libre Eleccion que se atienden en Servicio de Pensionado <\/a><a title=\"Aranceles Particulares Hospital de Linares (A\u00f1o 2012\" href=\"\/wp-content\/uploads\/2026\/03\/Arancel-Pensionado-2026-Dias-Cama-Der.-Pabellon-Fonasa-MLE.pdf\" target=\"_blank\" rel=\"noopener\">&#8211; Vigencia desde el 01-03-2026 al 28-02-2027<\/a><\/h4>\n<\/li>\n<li>\n<h4><a title=\"Aranceles Particulares Hospital de Linares (A\u00f1o 2012\" href=\"\/wp-content\/uploads\/2026\/03\/Arancel-Particular-2026-Hospital-de-Linares.pdf\" target=\"_blank\" rel=\"noopener\">Arancel Particular A\u00f1o 2026 (Aprobado segun resoluci\u00f3n N\u00b0 757 del 02\/03\/2026) &#8211; Vigencia desde el 01-03-2026 al 28-02-2027<\/a><\/h4>\n<\/li>\n<li>\n<h4><a title=\"Aranceles PAD\" href=\"\/wp-content\/uploads\/2024\/03\/PAD-2024-Hospital-de-Linares.xlsx\" target=\"_blank\" rel=\"noopener\">Aranceles PAD (FONASA)<\/a><\/h4>\n<\/li>\n<\/ol>\n<p><span style=\"color: #ff0000;\">* Los valores entregados son solo REFERENCIALES.<\/span><\/p>\n","protected":false},"excerpt":{"rendered":"<p>Esta secci\u00f3n le permite cotizar* los servicios otorgados por el Hospital de Linares. Los servicios a cotizar se dividen en cuatro categor\u00edas: Aranceles D\u00eda Cama y Derecho a Pabell\u00f3n 2026 para Pacientes FONASA Modalidad Libre [&hellip;]<\/p>\n","protected":false},"author":2,"featured_media":0,"parent":0,"menu_order":0,"comment_status":"open","ping_status":"open","template":"","meta":{"footnotes":""},"class_list":["post-48","page","type-page","status-publish","hentry"],"_links":{"self":[{"href":"https:\/\/www.hospitaldelinares.gob.cl\/index.php?rest_route=\/wp\/v2\/pages\/48","targetHints":{"allow":["GET"]}}],"collection":[{"href":"https:\/\/www.hospitaldelinares.gob.cl\/index.php?rest_route=\/wp\/v2\/pages"}],"about":[{"href":"https:\/\/www.hospitaldelinares.gob.cl\/index.php?rest_route=\/wp\/v2\/types\/page"}],"author":[{"embeddable":true,"href":"https:\/\/www.hospitaldelinares.gob.cl\/index.php?rest_route=\/wp\/v2\/users\/2"}],"replies":[{"embeddable":true,"href":"https:\/\/www.hospitaldelinares.gob.cl\/index.php?rest_route=%2Fwp%2Fv2%2Fcomments&post=48"}],"version-history":[{"count":20,"href":"https:\/\/www.hospitaldelinares.gob.cl\/index.php?rest_route=\/wp\/v2\/pages\/48\/revisions"}],"predecessor-version":[{"id":14953,"href":"https:\/\/www.hospitaldelinares.gob.cl\/index.php?rest_route=\/wp\/v2\/pages\/48\/revisions\/14953"}],"wp:attachment":[{"href":"https:\/\/www.hospitaldelinares.gob.cl\/index.php?rest_route=%2Fwp%2Fv2%2Fmedia&parent=48"}],"curies":[{"name":"wp","href":"https:\/\/api.w.org\/{rel}","templated":true}]}}