{"id":42,"date":"2012-10-16T19:10:01","date_gmt":"2012-10-16T19:10:01","guid":{"rendered":"https:\/\/www.hospitaldelinares.gob.cl\/?page_id=42"},"modified":"2022-11-15T08:24:37","modified_gmt":"2022-11-15T12:24:37","slug":"historia-de-nuestro-hospital","status":"publish","type":"page","link":"https:\/\/www.hospitaldelinares.gob.cl\/?page_id=42","title":{"rendered":"Historia de nuestro hospital"},"content":{"rendered":"<p align=\"center\"><strong>Hospital de Linares<\/strong><\/p>\n<p align=\"center\"><strong>Gral. Carlos Ib\u00e1\u00f1ez del Campo <\/strong><\/p>\n<p>&nbsp;<\/p>\n<p>La creaci\u00f3n del Hospital Base de Linares se remonta al a\u00f1o 1871, gracias a los aportes de vecinos, en especial de la se\u00f1ora Dolores Ferrada, quienes donaron los terrenos donde se construy\u00f3 el Hospital con el nombre de San Juan de Dios. Actualmente, en dichos terrenos se encuentra el Consultorio Urbano, de igual nombre.<\/p>\n<p>En 1931, mediante Ley N\u00b0 5.115 se obtiene una organizaci\u00f3n t\u00e9cnica administrativa y conjunta donde se nombra como primer M\u00e9dico Director al Doctor Manuel Rebolledo Mariani, quien se desempe\u00f1\u00f3 durante veinte a\u00f1os, periodo durante el cual se crean los Servicios de Obstetricia, Pediatr\u00eda, Tisiolog\u00eda, Laboratorios y ampliaci\u00f3n de los servicios de Residencia.<\/p>\n<p>El actual hospital Gral. Carlos Ib\u00e1\u00f1ez del Campo, brinda atenci\u00f3n en salud a las comunas de la provincia de Linares compuestas por Linares, Yerbas Buenas, Colb\u00fan, Villa Alegre, San Javier, Longav\u00ed, Parral y Retiro, adem\u00e1s de ser centro de derivaci\u00f3n de los hospitales de la provincia de Cauquenes y la comuna Constituci\u00f3n, perteneciente a la Provincia de Talca.<\/p>\n<p>Este centro asistencial, fue inaugurado en el a\u00f1o 1962, y su primer director fue el Dr. Guillermo V\u00e1squez Aravena, m\u00e9dico de destacado arraigo comunitario y desarrollo institucional, el que junto a la Enfermera Jefe Srta. Mar\u00eda Machuca, creadora y directora del primer curso de Auxiliares de Enfermer\u00eda de Chile, dieron un enorme impulso a la gesti\u00f3n en salud para el Maule sur.<\/p>\n<p>Durante la d\u00e9cada de los a\u00f1os noventa, el Hospital de Linares mejor\u00f3 notablemente su infraestructura, con la creaci\u00f3n del Consultorio Adosado de Especialidades CAE, la remodelaci\u00f3n del Servicio de Pensionado y el Servicio de Emergencia, para el a\u00f1o 2009 entregar el nuevo edificio de pabellones quir\u00fargicos.<\/p>\n<p>En la actualidad el centro asistencial linarense cuenta con 6 Centro de Responsabilidad (CR):\u00a0 Centro de Responsabilidad Quir\u00fargico, Centro de Responsabilidad M\u00e9dico, Centro de Responsabilidad G\u00edneco-Obst\u00e9trico, Centro de Responsabilidad Neonatol\u00f3gico y Pedi\u00e1trico, Centro de Responsabilidad Odontol\u00f3gico y Centro de Responsabilidad de Emergencia Hospitalaria, llegando a atender a una poblaci\u00f3n aproximada de 260.000 beneficiarios.<\/p>\n<p>Nuestra Misi\u00f3n es ser un Hospital p\u00fablico, docente asistencial auto gestionado, que desarrolla procesos cl\u00ednicos complejos con excelencia, orientado a entregar una atenci\u00f3n de salud amable, con est\u00e1ndares de calidad y seguridad centrados en la satisfacci\u00f3n del usuario.<\/p>\n<p>Nuestra visi\u00f3n es ser un Hospital p\u00fablico de excelencia, que garantiza a los usuarios calidad, oportunidad y calidez en la atenci\u00f3n de salud, con un equipo de salud competente y comprometido con las personas.<\/p>\n<p>Contamos con un equipo de especialidades en medicina general, anestesiolog\u00eda, pediatr\u00eda, neurolog\u00eda adultos, obstetricia y ginecolog\u00eda, medicina interna, traumatolog\u00eda y ortopedia, gastroenterolog\u00eda, cirug\u00eda general, cirug\u00eda infantil, cirug\u00eda pl\u00e1stica, oftalmolog\u00eda, neonatolog\u00eda, psiquiatr\u00eda adultos, cardiolog\u00eda infantil, medicina familiar, otorrinolaringolog\u00eda, urolog\u00eda, nefrolog\u00eda, imagenolog\u00eda y cardiolog\u00eda adulto.<\/p>\n<p>&nbsp;<\/p>\n<p><strong>Proceso de Acreditaci\u00f3n.<\/strong><\/p>\n<p>Durante el a\u00f1o 2009 se crea la Oficina de Calidad, del Hospital de Linares, y posteriormente se crea el comit\u00e9 operativo de calidad integrado por un representante\u00a0 de cada unidad y servicio cl\u00ednico\u00a0 del establecimiento, adem\u00e1s del comit\u00e9 ejecutivo formado por los subdirectores m\u00e9dicos, cada uno con sus funciones descritas, elaborando el Manual de organizaci\u00f3n de la Unidad, estableciendo dependencia directa de la direcci\u00f3n, definiendo pol\u00edticas, funciones, \u00e1mbito de acci\u00f3n, etc.<\/p>\n<p>Se realizan capacitaciones en\u00a0 calidad a funcionarios, preferentemente a los integrantes del comit\u00e9, los que luego se hacen cargo de la elaboraci\u00f3n de sus documentos con\u00a0 la asesor\u00eda y apoyo permanente de la encargada\u00a0 de la unidad. Se realizan reuniones peri\u00f3dicas del comit\u00e9\u00a0 evaluando avance de cada unidad y se contin\u00faa realizando capacitaciones anuales a los funcionarios y reuniones ampliadas a los jefes de servicios y supervisores.<\/p>\n<p>Adem\u00e1s, cumpliendo el compromiso de gesti\u00f3n se realizan autoevaluaciones trimestrales, verificando un avance progresivo en la implementaci\u00f3n de los est\u00e1ndares de calidad. Tambi\u00e9n se realizan evaluaciones cruzadas con los Hospitales de Talca y Curic\u00f3 y la Direcci\u00f3n de Servicio de Salud\u00a0 Maule.<\/p>\n<p>En Febrero del 2010 se asigna a la unidad de calidad un m\u00e9dico asesor con\u00a0 22 horas.<\/p>\n<p>En los inicios se centraliz\u00f3 el trabajo en la revisi\u00f3n de los procesos internos integrando principalmente a los directivos de la instituci\u00f3n, se generaron mesas de trabajo y se implementaron los primeros protocolos.<\/p>\n<p>Posteriormente, se dieron a conocer los protocolos en Jornadas que incorporaron a todos los equipos del hospital tanto de las unidades y servicios cl\u00ednicos como administrativos y de apoyo. Se incorpora a toda la comunidad hospitalaria en las jornadas y capacitaciones de calidad y seguridad del paciente instancia en que los diferentes servicios y unidades muestran las acciones realizadas con el prop\u00f3sito de cumplir con los protocolos de calidad, de lo que nacen excelentes elementos de difusi\u00f3n como videos, folletos, chapas, afiches, etc., adem\u00e1s de destacar la participaci\u00f3n como expositores de los encargados de calidad por servicio y de los elaboradores de protocolos tanto m\u00e9dicos como profesionales. Se solicita adem\u00e1s apoyo en estas jornadas al Servicio Salud Maule y al equipo de Calidad del Ministerio de Salud, con excelente respuesta dentro de los funcionarios.<\/p>\n<p>Durante el a\u00f1o 2013 el servicio de Salud Maule otorg\u00f3 a nuestro hospital 3 cupos en el curso de formaci\u00f3n de evaluadores, estos profesionales se unieron a la Jefa de calidad del hospital y a una profesional matrona que se autofinanciaron previamente este curso. Con este equipo, el a\u00f1o 2014 se nombra por resoluci\u00f3n el equipo de evaluadores del Hospital de Linares, quienes trimestralmente supervisan a los diferentes puntos de constataci\u00f3n en el cumplimiento del est\u00e1ndar de acreditaci\u00f3n.<\/p>\n<p>A inicios del a\u00f1o 2014 se realiza visita del equipo de calidad del ministerio de salud quienes revisaron en una primera instancia las caracter\u00edsticas obligatorias generando observaciones frente a las cuales la instituci\u00f3n realiza los planes de mejora correspondientes. Adem\u00e1s, se realiza evaluaci\u00f3n cruzada liderada por el equipo de calidad del SSMaule.<\/p>\n<p>En agosto del mismo a\u00f1o se realiza una nueva visita del Ministerio y la SIS para revisar los procesos cr\u00edticos seg\u00fan la percepci\u00f3n local frente a los cuales tambi\u00e9n se dejan observaciones solucionadas con planes de mejora locales. En septiembre se realiza la evaluaci\u00f3n cruzada liderada por el SSMaule entre Hospital de Talca y Hospital de Linares<\/p>\n<p>Finalmente, durante el mes de octubre se programa una actividad masiva que involucra a toda la comunidad hospitalaria en que el equipo de evaluadores del hospital realiza la autoevaluaci\u00f3n definitiva para enviar esta solicitud de acreditaci\u00f3n. Para esta oportunidad se realizan grabaciones en las constataciones y generan acciones lo m\u00e1s similar a un proceso real. Cabe destacar que todas estas acciones son fortalecidas por el equipo directivo liderado por el Director del Hospital.<\/p>\n<p>En el mes de enero de 2015 la Empresa Acreditadora ACA Ltda. Realiza la evaluaci\u00f3n del Hospital de Linares. Obteniendo un resultado positivo, por tanto el Centro Asistencial cumple con est\u00e1ndares de Calidad y condiciones de mejoramiento en funci\u00f3n de la disminuci\u00f3n de los riesgos asociados a la atenci\u00f3n, que se expresan en \u00e1mbitos de:<\/p>\n<p>Dignidad del Paciente; Gesti\u00f3n de la Calidad; Gesti\u00f3n Cl\u00ednica; Acceso, Oportunidad y Continuidad de la Atenci\u00f3n (AOC); Competencias del Recurso Humano (RH); Registro (RG); Seguridad del Equipamiento (EQ); Seguridad de las instalaciones (INS) y Servicios de apoyo diagn\u00f3stico o terap\u00e9utico.<\/p>\n<p>As\u00ed, a trav\u00e9s de resoluci\u00f3n exenta n\u00ba 377 la Superintendencia de Salud indic\u00f3 que el Hospital de Linares se encuentra acreditado en calidad, luego de obtener una evaluaci\u00f3n satisfactoria realizada por la Entidad Acreditadora \u201cEmpresa ACA Ltda\u201d.<\/p>\n<p>&nbsp;<\/p>\n<p><a href=\"\/hoslina\/wp-content\/uploads\/2012\/10\/hbl_viejo_b2.jpg\" rel=\"lightbox\" title=\"Historia de nuestro hospital\"><img loading=\"lazy\" decoding=\"async\" class=\"aligncenter size-full wp-image-5518\" title=\"hbl_viejo_b\" src=\"\/hoslina\/wp-content\/uploads\/2012\/10\/hbl_viejo_b2.jpg\" alt=\"\" width=\"140\" height=\"185\" \/><\/a><br \/>\n<a href=\"\/hoslina\/wp-content\/uploads\/2012\/10\/hbl22.jpg\" rel=\"lightbox\" title=\"Historia de nuestro hospital\"><img loading=\"lazy\" decoding=\"async\" class=\"aligncenter size-full wp-image-5515\" title=\"hbl22\" src=\"\/hoslina\/wp-content\/uploads\/2012\/10\/hbl22.jpg\" alt=\"\" width=\"150\" height=\"113\" \/><\/a><\/p>\n<p>&nbsp;<\/p>\n<p style=\"text-align: center;\"><a href=\"\/hoslina\/wp-content\/uploads\/2012\/10\/3191.jpg\" rel=\"lightbox\" title=\"Historia de nuestro hospital\"><img loading=\"lazy\" decoding=\"async\" class=\"aligncenter wp-image-5519\" title=\"319\" src=\"\/hoslina\/wp-content\/uploads\/2012\/10\/3191.jpg\" alt=\"\" width=\"150\" height=\"150\" \/><\/a><\/p>\n","protected":false},"excerpt":{"rendered":"<p>Hospital de Linares Gral. Carlos Ib\u00e1\u00f1ez del Campo &nbsp; La creaci\u00f3n del Hospital Base de Linares se remonta al a\u00f1o 1871, gracias a los aportes de vecinos, en especial de la se\u00f1ora Dolores Ferrada, quienes [&hellip;]<\/p>\n","protected":false},"author":2,"featured_media":5518,"parent":0,"menu_order":0,"comment_status":"open","ping_status":"open","template":"","meta":{"footnotes":""},"class_list":["post-42","page","type-page","status-publish","hentry"],"_links":{"self":[{"href":"https:\/\/www.hospitaldelinares.gob.cl\/index.php?rest_route=\/wp\/v2\/pages\/42","targetHints":{"allow":["GET"]}}],"collection":[{"href":"https:\/\/www.hospitaldelinares.gob.cl\/index.php?rest_route=\/wp\/v2\/pages"}],"about":[{"href":"https:\/\/www.hospitaldelinares.gob.cl\/index.php?rest_route=\/wp\/v2\/types\/page"}],"author":[{"embeddable":true,"href":"https:\/\/www.hospitaldelinares.gob.cl\/index.php?rest_route=\/wp\/v2\/users\/2"}],"replies":[{"embeddable":true,"href":"https:\/\/www.hospitaldelinares.gob.cl\/index.php?rest_route=%2Fwp%2Fv2%2Fcomments&post=42"}],"version-history":[{"count":25,"href":"https:\/\/www.hospitaldelinares.gob.cl\/index.php?rest_route=\/wp\/v2\/pages\/42\/revisions"}],"predecessor-version":[{"id":12066,"href":"https:\/\/www.hospitaldelinares.gob.cl\/index.php?rest_route=\/wp\/v2\/pages\/42\/revisions\/12066"}],"wp:featuredmedia":[{"embeddable":true,"href":"https:\/\/www.hospitaldelinares.gob.cl\/index.php?rest_route=\/wp\/v2\/media\/5518"}],"wp:attachment":[{"href":"https:\/\/www.hospitaldelinares.gob.cl\/index.php?rest_route=%2Fwp%2Fv2%2Fmedia&parent=42"}],"curies":[{"name":"wp","href":"https:\/\/api.w.org\/{rel}","templated":true}]}}