{"id":26,"date":"2012-10-16T18:34:25","date_gmt":"2012-10-16T18:34:25","guid":{"rendered":"https:\/\/www.hospitaldelinares.gob.cl\/?page_id=26"},"modified":"2012-10-29T08:54:08","modified_gmt":"2012-10-29T11:54:08","slug":"recomendaciones-para-visitas","status":"publish","type":"page","link":"https:\/\/www.hospitaldelinares.gob.cl\/?page_id=26","title":{"rendered":"Recomendaciones para Visitas"},"content":{"rendered":"<p>Durante su visita siga los siguientes consejos:<\/p>\n<ul>\n<li>&#8211; Colabore con el personal, respetando las indicaciones del equipo de salud. Esto ayudar\u00e1 a una m\u00e1s r\u00e1pida recuperaci\u00f3n de su familiar o amigo y a un adecuado trabajo de nuestros funcionarios.<\/li>\n<li>&#8211; Durante la visita, recuerde que hay otras personas que desean estar en un ambiente tranquilo.<\/li>\n<li>&#8211; En la sala de hospitalizaci\u00f3n, siga las indicaciones que le dar\u00e1 el equipo de salud para realizar procedimientos a pacientes.<\/li>\n<li>&#8211; La alimentaci\u00f3n de las personas hospitalizadas est\u00e1 definida por indicaci\u00f3n m\u00e9dica. Para asegurar la pronta mejor\u00eda, NO lleve otras comidas sin conversar con el equipo de salud.<\/li>\n<li>&#8211; Los horarios de visitas y el n\u00famero de visitantes por paciente en cada servicio cl\u00ednico ser\u00e1n informados al momento de hospitalizar a su familiar. Pregunte esta\u00a0informaci\u00f3n\u00a0al equipo de salud.<\/li>\n<li>&#8211; El hospital tambi\u00e9n es suyo, ay\u00fadenos a cuidarlo. Necesitamos contar con espacios limpios y ordenados.<\/li>\n<li>&#8211; Use los ba\u00f1os p\u00fablicos habilitados para las visitas. Para proteger la salud de su familiar, no use los ba\u00f1os de las personas hospitalizadas.<\/li>\n<li>&#8211; No lleve animales al hospital ni ingrese con flores a las salas de hospitalizaci\u00f3n. Consulte al equipo de salud.<\/li>\n<li>&#8211; Respete las normas del establecimiento y al personal que cuida de su familiar.<\/li>\n<\/ul>\n<p>Ante dudas o problemas consulte al equipo de salud y tambi\u00e9n en la OIRS: Oficina de Informaciones, Reclamos y Sugerencias. Recuerde que en este mismo lugar se reciben las felicitaciones al equipo de salud.<\/p>\n<p style=\"text-align: center;\"><span style=\"color: #ff0000;\"><strong>Si usted est\u00e1 enfermo, \u201cNO\u201d visite personas hospitalizadas.<\/strong><\/span><\/p>\n","protected":false},"excerpt":{"rendered":"<p>Durante su visita siga los siguientes consejos: &#8211; Colabore con el personal, respetando las indicaciones del equipo de salud. Esto ayudar\u00e1 a una m\u00e1s r\u00e1pida recuperaci\u00f3n de su familiar o amigo y a un adecuado [&hellip;]<\/p>\n","protected":false},"author":2,"featured_media":0,"parent":0,"menu_order":0,"comment_status":"open","ping_status":"open","template":"","meta":{"footnotes":""},"class_list":["post-26","page","type-page","status-publish","hentry"],"_links":{"self":[{"href":"https:\/\/www.hospitaldelinares.gob.cl\/index.php?rest_route=\/wp\/v2\/pages\/26","targetHints":{"allow":["GET"]}}],"collection":[{"href":"https:\/\/www.hospitaldelinares.gob.cl\/index.php?rest_route=\/wp\/v2\/pages"}],"about":[{"href":"https:\/\/www.hospitaldelinares.gob.cl\/index.php?rest_route=\/wp\/v2\/types\/page"}],"author":[{"embeddable":true,"href":"https:\/\/www.hospitaldelinares.gob.cl\/index.php?rest_route=\/wp\/v2\/users\/2"}],"replies":[{"embeddable":true,"href":"https:\/\/www.hospitaldelinares.gob.cl\/index.php?rest_route=%2Fwp%2Fv2%2Fcomments&post=26"}],"version-history":[{"count":3,"href":"https:\/\/www.hospitaldelinares.gob.cl\/index.php?rest_route=\/wp\/v2\/pages\/26\/revisions"}],"predecessor-version":[{"id":396,"href":"https:\/\/www.hospitaldelinares.gob.cl\/index.php?rest_route=\/wp\/v2\/pages\/26\/revisions\/396"}],"wp:attachment":[{"href":"https:\/\/www.hospitaldelinares.gob.cl\/index.php?rest_route=%2Fwp%2Fv2%2Fmedia&parent=26"}],"curies":[{"name":"wp","href":"https:\/\/api.w.org\/{rel}","templated":true}]}}