{"id":12601,"date":"2023-08-14T11:22:58","date_gmt":"2023-08-14T15:22:58","guid":{"rendered":"https:\/\/www.hospitaldelinares.gob.cl\/?page_id=12601"},"modified":"2023-08-14T11:23:20","modified_gmt":"2023-08-14T15:23:20","slug":"ciberdiccionario-ediciones-anteriores","status":"publish","type":"page","link":"https:\/\/www.hospitaldelinares.gob.cl\/?page_id=12601","title":{"rendered":"Ciberdiccionario (Ediciones Anteriores)"},"content":{"rendered":"<h3 style=\"text-align: center;\"><img loading=\"lazy\" decoding=\"async\" class=\"aligncenter wp-image-10768 \" src=\"\/wp-content\/uploads\/2021\/05\/Dia-Internacional-de-la-Seguridad-Informatica-720x291.jpg\" alt=\"\" width=\"440\" height=\"178\" srcset=\"https:\/\/www.hospitaldelinares.gob.cl\/wp-content\/uploads\/2021\/05\/Dia-Internacional-de-la-Seguridad-Informatica-720x291.jpg 720w, https:\/\/www.hospitaldelinares.gob.cl\/wp-content\/uploads\/2021\/05\/Dia-Internacional-de-la-Seguridad-Informatica-768x310.jpg 768w, https:\/\/www.hospitaldelinares.gob.cl\/wp-content\/uploads\/2021\/05\/Dia-Internacional-de-la-Seguridad-Informatica.jpg 820w\" sizes=\"auto, (max-width: 440px) 100vw, 440px\" \/><\/h3>\n<h3>El Departamento TIC del Hospital de Linares ha desarrollado una serie de Capsulas Informativas que entregan informaci\u00f3n relevante sobre temas asociados a la Seguridad Inform\u00e1tica en nuestro diario vivir.<\/h3>\n<h3><strong><img loading=\"lazy\" decoding=\"async\" class=\"wp-image-10785 alignleft\" src=\"\/wp-content\/uploads\/2021\/05\/Icono_Computadora_-_Internet-320x320.jpg\" alt=\"\" width=\"20\" height=\"20\" srcset=\"https:\/\/www.hospitaldelinares.gob.cl\/wp-content\/uploads\/2021\/05\/Icono_Computadora_-_Internet-320x320.jpg 320w, https:\/\/www.hospitaldelinares.gob.cl\/wp-content\/uploads\/2021\/05\/Icono_Computadora_-_Internet-150x150.jpg 150w, https:\/\/www.hospitaldelinares.gob.cl\/wp-content\/uploads\/2021\/05\/Icono_Computadora_-_Internet-768x768.jpg 768w, https:\/\/www.hospitaldelinares.gob.cl\/wp-content\/uploads\/2021\/05\/Icono_Computadora_-_Internet.jpg 1181w\" sizes=\"auto, (max-width: 20px) 100vw, 20px\" \/><\/strong><\/h3>\n<h3><strong><b style=\"color: red !important;\">Ciberdiccionario Edici\u00f3n 38<\/b><\/strong><\/h3>\n<div>\n<div><\/div>\n<\/div>\n<h3><strong><img loading=\"lazy\" decoding=\"async\" class=\"wp-image-10785 alignleft\" src=\"\/wp-content\/uploads\/2021\/05\/Icono_Computadora_-_Internet-320x320.jpg\" alt=\"\" width=\"20\" height=\"20\" srcset=\"https:\/\/www.hospitaldelinares.gob.cl\/wp-content\/uploads\/2021\/05\/Icono_Computadora_-_Internet-320x320.jpg 320w, https:\/\/www.hospitaldelinares.gob.cl\/wp-content\/uploads\/2021\/05\/Icono_Computadora_-_Internet-150x150.jpg 150w, https:\/\/www.hospitaldelinares.gob.cl\/wp-content\/uploads\/2021\/05\/Icono_Computadora_-_Internet-768x768.jpg 768w, https:\/\/www.hospitaldelinares.gob.cl\/wp-content\/uploads\/2021\/05\/Icono_Computadora_-_Internet.jpg 1181w\" sizes=\"auto, (max-width: 20px) 100vw, 20px\" \/><\/strong><\/h3>\n<h3><strong><b style=\"color: red !important;\">Ciberdiccionario Edici\u00f3n 37<\/b><\/strong><\/h3>\n<div><\/div>\n<h3><strong><img loading=\"lazy\" decoding=\"async\" class=\"wp-image-10785 alignleft\" src=\"\/wp-content\/uploads\/2021\/05\/Icono_Computadora_-_Internet-320x320.jpg\" alt=\"\" width=\"20\" height=\"20\" srcset=\"https:\/\/www.hospitaldelinares.gob.cl\/wp-content\/uploads\/2021\/05\/Icono_Computadora_-_Internet-320x320.jpg 320w, https:\/\/www.hospitaldelinares.gob.cl\/wp-content\/uploads\/2021\/05\/Icono_Computadora_-_Internet-150x150.jpg 150w, https:\/\/www.hospitaldelinares.gob.cl\/wp-content\/uploads\/2021\/05\/Icono_Computadora_-_Internet-768x768.jpg 768w, https:\/\/www.hospitaldelinares.gob.cl\/wp-content\/uploads\/2021\/05\/Icono_Computadora_-_Internet.jpg 1181w\" sizes=\"auto, (max-width: 20px) 100vw, 20px\" \/><\/strong><\/h3>\n<h3><strong><b style=\"color: red !important;\">Ciberdiccionario Edici\u00f3n 36<\/b><\/strong><\/h3>\n<div>\n<div><\/div>\n<\/div>\n<h3><strong><img loading=\"lazy\" decoding=\"async\" class=\"wp-image-10785 alignleft\" src=\"\/wp-content\/uploads\/2021\/05\/Icono_Computadora_-_Internet-320x320.jpg\" alt=\"\" width=\"20\" height=\"20\" srcset=\"https:\/\/www.hospitaldelinares.gob.cl\/wp-content\/uploads\/2021\/05\/Icono_Computadora_-_Internet-320x320.jpg 320w, https:\/\/www.hospitaldelinares.gob.cl\/wp-content\/uploads\/2021\/05\/Icono_Computadora_-_Internet-150x150.jpg 150w, https:\/\/www.hospitaldelinares.gob.cl\/wp-content\/uploads\/2021\/05\/Icono_Computadora_-_Internet-768x768.jpg 768w, https:\/\/www.hospitaldelinares.gob.cl\/wp-content\/uploads\/2021\/05\/Icono_Computadora_-_Internet.jpg 1181w\" sizes=\"auto, (max-width: 20px) 100vw, 20px\" \/><\/strong><\/h3>\n<h3><strong><b style=\"color: red !important;\">Ciberdiccionario Edici\u00f3n 35<\/b><\/strong><\/h3>\n<div><\/div>\n<div>\n<h3><\/h3>\n<div><\/div>\n<\/div>\n<div><\/div>\n<h3><\/h3>\n","protected":false},"excerpt":{"rendered":"<p>El Departamento TIC del Hospital de Linares ha desarrollado una serie de Capsulas Informativas que entregan informaci\u00f3n relevante sobre temas asociados a la Seguridad Inform\u00e1tica en nuestro diario vivir. Ciberdiccionario Edici\u00f3n 38 Ciberdiccionario Edici\u00f3n 37 [&hellip;]<\/p>\n","protected":false},"author":2,"featured_media":0,"parent":0,"menu_order":0,"comment_status":"closed","ping_status":"closed","template":"","meta":{"footnotes":""},"class_list":["post-12601","page","type-page","status-publish","hentry"],"_links":{"self":[{"href":"https:\/\/www.hospitaldelinares.gob.cl\/index.php?rest_route=\/wp\/v2\/pages\/12601","targetHints":{"allow":["GET"]}}],"collection":[{"href":"https:\/\/www.hospitaldelinares.gob.cl\/index.php?rest_route=\/wp\/v2\/pages"}],"about":[{"href":"https:\/\/www.hospitaldelinares.gob.cl\/index.php?rest_route=\/wp\/v2\/types\/page"}],"author":[{"embeddable":true,"href":"https:\/\/www.hospitaldelinares.gob.cl\/index.php?rest_route=\/wp\/v2\/users\/2"}],"replies":[{"embeddable":true,"href":"https:\/\/www.hospitaldelinares.gob.cl\/index.php?rest_route=%2Fwp%2Fv2%2Fcomments&post=12601"}],"version-history":[{"count":1,"href":"https:\/\/www.hospitaldelinares.gob.cl\/index.php?rest_route=\/wp\/v2\/pages\/12601\/revisions"}],"predecessor-version":[{"id":12602,"href":"https:\/\/www.hospitaldelinares.gob.cl\/index.php?rest_route=\/wp\/v2\/pages\/12601\/revisions\/12602"}],"wp:attachment":[{"href":"https:\/\/www.hospitaldelinares.gob.cl\/index.php?rest_route=%2Fwp%2Fv2%2Fmedia&parent=12601"}],"curies":[{"name":"wp","href":"https:\/\/api.w.org\/{rel}","templated":true}]}}