{"id":11961,"date":"2022-10-19T14:58:04","date_gmt":"2022-10-19T18:58:04","guid":{"rendered":"https:\/\/www.hospitaldelinares.gob.cl\/?page_id=11961"},"modified":"2026-03-09T15:08:31","modified_gmt":"2026-03-09T19:08:31","slug":"rnao","status":"publish","type":"page","link":"https:\/\/www.hospitaldelinares.gob.cl\/?page_id=11961","title":{"rendered":"RNAO"},"content":{"rendered":"<p><img loading=\"lazy\" decoding=\"async\" class=\"size-medium wp-image-11962 aligncenter\" src=\"\/wp-content\/uploads\/2022\/10\/LOGO-BPSO-Hospital-de-Linares-N-720x264.jpg\" alt=\"\" width=\"720\" height=\"264\" srcset=\"https:\/\/www.hospitaldelinares.gob.cl\/wp-content\/uploads\/2022\/10\/LOGO-BPSO-Hospital-de-Linares-N-720x264.jpg 720w, https:\/\/www.hospitaldelinares.gob.cl\/wp-content\/uploads\/2022\/10\/LOGO-BPSO-Hospital-de-Linares-N-768x282.jpg 768w, https:\/\/www.hospitaldelinares.gob.cl\/wp-content\/uploads\/2022\/10\/LOGO-BPSO-Hospital-de-Linares-N-1536x564.jpg 1536w, https:\/\/www.hospitaldelinares.gob.cl\/wp-content\/uploads\/2022\/10\/LOGO-BPSO-Hospital-de-Linares-N-2048x752.jpg 2048w\" sizes=\"auto, (max-width: 720px) 100vw, 720px\" \/><\/p>\n<p>&nbsp;<\/p>\n<h1 style=\"text-align: left;\"><a href=\"\/wp-content\/uploads\/2022\/10\/RNAO-Hospital-de-Linares.pdf\" target=\"_blank\" rel=\"noopener\"><span style=\"color: #008000;\"><strong><img loading=\"lazy\" decoding=\"async\" class=\"alignleft wp-image-12522\" src=\"\/wp-content\/uploads\/2023\/07\/libro.png\" rel=\"lightbox\" title=\"RNAO\" alt=\"\" width=\"40\" height=\"40\" srcset=\"https:\/\/www.hospitaldelinares.gob.cl\/wp-content\/uploads\/2023\/07\/libro.png 512w, https:\/\/www.hospitaldelinares.gob.cl\/wp-content\/uploads\/2023\/07\/libro-320x320.png 320w, https:\/\/www.hospitaldelinares.gob.cl\/wp-content\/uploads\/2023\/07\/libro-150x150.png 150w\" sizes=\"auto, (max-width: 40px) 100vw, 40px\" \/>\u00bfQue es RNAO?<\/strong><\/span><\/a><\/h1>\n<p>&nbsp;<\/p>\n<h1><strong><span style=\"color: #008000;\"><img loading=\"lazy\" decoding=\"async\" class=\"wp-image-12517 alignleft\" src=\"\/wp-content\/uploads\/2023\/07\/informacion-1.png\" alt=\"\" width=\"40\" height=\"40\" srcset=\"https:\/\/www.hospitaldelinares.gob.cl\/wp-content\/uploads\/2023\/07\/informacion-1.png 512w, https:\/\/www.hospitaldelinares.gob.cl\/wp-content\/uploads\/2023\/07\/informacion-1-320x320.png 320w, https:\/\/www.hospitaldelinares.gob.cl\/wp-content\/uploads\/2023\/07\/informacion-1-150x150.png 150w\" sizes=\"auto, (max-width: 40px) 100vw, 40px\" \/> Orientaciones Tecnicas para Instituciones P\u00fablicas de Salud BPSO<\/span><\/strong><\/h1>\n<p>&nbsp;<\/p>\n<ul>\n<li>\n<h2><a href=\"\/wp-content\/uploads\/2026\/03\/RES.-EXENTA-N-103-APRUEBA-ORIENTACIONES-EXCELENCIA-EN-EL-CUIDADO.pdf\"><strong><span style=\"color: #339966;\">&#8211; Resoluci\u00f3n Exenta N\u00b0 103\u00a0 &#8211; M<\/span><\/strong><\/a><a href=\"\/wp-content\/uploads\/2026\/03\/RES.-EXENTA-N-103-APRUEBA-ORIENTACIONES-EXCELENCIA-EN-EL-CUIDADO.pdf\"><strong><span style=\"color: #339966;\">INSAL <\/span><\/strong><\/a><\/h2>\n<\/li>\n<li>\n<h2><a href=\"\/wp-content\/uploads\/2026\/03\/ORIENTACIONES-TECNICAS-PARA-INSTITUCIONES-PUBLICAS-DE-SALUD-BPSO.pdf\"><strong><span style=\"color: #339966;\">&#8211; Manual Orientaciones T\u00e9cnicas para Instituciones P\u00fablicas de Salud<\/span><\/strong><\/a><\/h2>\n<\/li>\n<\/ul>\n<p>&nbsp;<\/p>\n<h1><strong><span style=\"color: #008000;\"><img loading=\"lazy\" decoding=\"async\" class=\"wp-image-12518 alignleft\" src=\"\/wp-content\/uploads\/2023\/07\/periodico.png\" alt=\"\" width=\"40\" height=\"40\" srcset=\"https:\/\/www.hospitaldelinares.gob.cl\/wp-content\/uploads\/2023\/07\/periodico.png 512w, https:\/\/www.hospitaldelinares.gob.cl\/wp-content\/uploads\/2023\/07\/periodico-320x320.png 320w, https:\/\/www.hospitaldelinares.gob.cl\/wp-content\/uploads\/2023\/07\/periodico-150x150.png 150w\" sizes=\"auto, (max-width: 40px) 100vw, 40px\" \/> <\/span><span style=\"color: #008000;\">Noticias RNAO Hospital de Linares\u00a0<\/span><\/strong><\/h1>\n<p>&nbsp;<\/p>\n<ul>\n<li>\n<h2><a href=\"\/wp-content\/uploads\/2023\/07\/Formacion-nuevos-Champion-2023.pdf\"><strong><span style=\"color: #339966;\">&#8211; Formaci\u00f3n Nuevos Champions 2023<\/span><\/strong><\/a><\/h2>\n<\/li>\n<li>\n<h2><a href=\"\/wp-content\/uploads\/2023\/07\/Reunion-en-Minsal.pdf\"><strong><span style=\"color: #339966;\">&#8211; Reuni\u00f3n en MINSAL<\/span><\/strong><\/a><\/h2>\n<\/li>\n<li>\n<h2><a href=\"\/wp-content\/uploads\/2023\/07\/Visita-Equipo-multidisciplinario-de-programa-RNAO.pdf\"><strong><span style=\"color: #339966;\">&#8211; Visita Equipo Multidisciplinario de Programa RNAO de Hospital de Santa Cruz a Hospital de Linares<\/span><\/strong><\/a><\/h2>\n<\/li>\n<\/ul>\n<p>&nbsp;<\/p>\n<h1><strong><span style=\"color: #008000;\"><img loading=\"lazy\" decoding=\"async\" class=\"wp-image-12517 alignleft\" src=\"\/wp-content\/uploads\/2023\/07\/informacion-1.png\" alt=\"\" width=\"40\" height=\"40\" srcset=\"https:\/\/www.hospitaldelinares.gob.cl\/wp-content\/uploads\/2023\/07\/informacion-1.png 512w, https:\/\/www.hospitaldelinares.gob.cl\/wp-content\/uploads\/2023\/07\/informacion-1-320x320.png 320w, https:\/\/www.hospitaldelinares.gob.cl\/wp-content\/uploads\/2023\/07\/informacion-1-150x150.png 150w\" sizes=\"auto, (max-width: 40px) 100vw, 40px\" \/> Enlaces Gu\u00edas de Buenas Pr\u00e1cticas Cl\u00ednicas RNAO MINSAL<\/span><\/strong><\/h1>\n<p>&nbsp;<\/p>\n<p data-wp-editing=\"1\"><a href=\"https:\/\/rnao.ca\/sites \/rnao- ca\/files\/D0025_Ulcer asPresion_spp_0105 2015.pdf\"> \u00a0<\/a><a href=\"https:\/\/rnao.ca\/sites\/rnao-ca\/files\/D0025_UlcerasPresion_spp_01052015.pdf\" target=\"_blank\" rel=\"noopener\"><img loading=\"lazy\" decoding=\"async\" class=\"alignnone wp-image-11965 size-thumbnail\" src=\"\/wp-content\/uploads\/2022\/10\/Guia-1-Prevencion-de-ulceras-por-presion-150x150.jpg\" rel=\"lightbox\" title=\"RNAO\" alt=\"\" width=\"150\" height=\"150\" \/><\/a><a href=\"https:\/\/rnao.ca\/sites \/rnao- ca\/files\/bpg\/translati ons\/D0027_Manejo_ LPP_2016_final.pdf\" target=\"_blank\" rel=\"noopener\">\u00a0 <\/a><a href=\"https:\/\/rnao.ca\/sites \/rnao- ca\/files\/bpg\/translati ons\/D0027_Manejo_ LPP_2016_final.pdf\" target=\"_blank\" rel=\"noopener\"> \u00a0 <\/a><a href=\"https:\/\/rnao.ca\/sites\/rnao-ca\/files\/bpg\/translations\/D0027_Manejo_LPP_2016_final.pdf\" target=\"_blank\" rel=\"noopener\"><img loading=\"lazy\" decoding=\"async\" class=\"alignnone wp-image-11966 size-thumbnail\" src=\"\/wp-content\/uploads\/2022\/10\/Guia-2-Lesiones-por-presion-equipos-interprofesionales-150x150.jpg\" rel=\"lightbox\" title=\"RNAO\" alt=\"\" width=\"150\" height=\"150\" \/><\/a><a href=\"https:\/\/rnao.ca\/sites\/rnao-ca\/files\/bpg\/translations\/D0021_Prevencion_Caidas_2017.pdf\" target=\"_blank\" rel=\"noopener\"><img loading=\"lazy\" decoding=\"async\" class=\"alignnone wp-image-11968 size-thumbnail\" src=\"\/wp-content\/uploads\/2022\/10\/Guia-3-Prevencion-de-Caidas-150x150.jpg\" rel=\"lightbox\" title=\"RNAO\" alt=\"\" width=\"150\" height=\"150\" \/><\/a><a href=\"https:\/\/rnao.ca\/site s\/rnao- ca\/files\/bpg\/transla tions\/AccesoVascula r_2021.pdf\" target=\"_blank\" rel=\"noopener\">\u00a0 \u00a0<\/a><a href=\"https:\/\/rnao.ca\/sites\/rnao-ca\/files\/bpg\/translations\/AccesoVascular_2021.pdf\" target=\"_blank\" rel=\"noopener\"><img loading=\"lazy\" decoding=\"async\" class=\"alignnone wp-image-11969 size-thumbnail\" src=\"\/wp-content\/uploads\/2022\/10\/Guia-4-Acceso-Vascular-150x150.jpg\" rel=\"lightbox\" title=\"RNAO\" alt=\"\" width=\"150\" height=\"150\" \/><\/a><a href=\"https:\/\/rnao.ca\/sites\/rna o- ca\/files\/bpg\/translations\/ Person_Family_Ctrd_Car e_-_2015_- _CUIDADOS_CENTRADOS .pdf\" target=\"_blank\" rel=\"noopener\">\u00a0 \u00a0<\/a><a href=\"https:\/\/rnao.ca\/sites\/rnao-ca\/files\/bpg\/translations\/Person_Family_Ctrd_Care_-_2015_-_CUIDADOS_CENTRADOS.pdf\" target=\"_blank\" rel=\"noopener\"><img loading=\"lazy\" decoding=\"async\" class=\"alignnone wp-image-11971 size-thumbnail\" src=\"\/wp-content\/uploads\/2022\/10\/Guia-5-Cuidados-centrados-en-la-familia-150x150.jpg\" rel=\"lightbox\" title=\"RNAO\" alt=\"\" width=\"150\" height=\"150\" \/><\/a><\/p>\n<p>&nbsp;<\/p>\n<p>&nbsp;<\/p>\n","protected":false},"excerpt":{"rendered":"<p>&nbsp; \u00bfQue es RNAO? &nbsp; Orientaciones Tecnicas para Instituciones P\u00fablicas de Salud BPSO &nbsp; &#8211; Resoluci\u00f3n Exenta N\u00b0 103\u00a0 &#8211; MINSAL &#8211; Manual Orientaciones T\u00e9cnicas para Instituciones P\u00fablicas de Salud &nbsp; Noticias RNAO Hospital de [&hellip;]<\/p>\n","protected":false},"author":2,"featured_media":0,"parent":0,"menu_order":0,"comment_status":"closed","ping_status":"closed","template":"","meta":{"footnotes":""},"class_list":["post-11961","page","type-page","status-publish","hentry"],"_links":{"self":[{"href":"https:\/\/www.hospitaldelinares.gob.cl\/index.php?rest_route=\/wp\/v2\/pages\/11961","targetHints":{"allow":["GET"]}}],"collection":[{"href":"https:\/\/www.hospitaldelinares.gob.cl\/index.php?rest_route=\/wp\/v2\/pages"}],"about":[{"href":"https:\/\/www.hospitaldelinares.gob.cl\/index.php?rest_route=\/wp\/v2\/types\/page"}],"author":[{"embeddable":true,"href":"https:\/\/www.hospitaldelinares.gob.cl\/index.php?rest_route=\/wp\/v2\/users\/2"}],"replies":[{"embeddable":true,"href":"https:\/\/www.hospitaldelinares.gob.cl\/index.php?rest_route=%2Fwp%2Fv2%2Fcomments&post=11961"}],"version-history":[{"count":27,"href":"https:\/\/www.hospitaldelinares.gob.cl\/index.php?rest_route=\/wp\/v2\/pages\/11961\/revisions"}],"predecessor-version":[{"id":14984,"href":"https:\/\/www.hospitaldelinares.gob.cl\/index.php?rest_route=\/wp\/v2\/pages\/11961\/revisions\/14984"}],"wp:attachment":[{"href":"https:\/\/www.hospitaldelinares.gob.cl\/index.php?rest_route=%2Fwp%2Fv2%2Fmedia&parent=11961"}],"curies":[{"name":"wp","href":"https:\/\/api.w.org\/{rel}","templated":true}]}}