{"id":110,"date":"2012-10-16T20:26:13","date_gmt":"2012-10-16T20:26:13","guid":{"rendered":"https:\/\/www.hospitaldelinares.gob.cl\/?page_id=110"},"modified":"2017-04-12T10:07:06","modified_gmt":"2017-04-12T13:07:06","slug":"centro-de-responsabilidad-pediatrico","status":"publish","type":"page","link":"https:\/\/www.hospitaldelinares.gob.cl\/?page_id=110","title":{"rendered":"Centro de Responsabilidad Neonatol\u00f3gico y Pedi\u00e1trico"},"content":{"rendered":"<p>Este Centro de Responsabilidad se encuentra ubicado en el quinto piso del establecimiento y dispone del siguiente equipamiento: 18 cunas para lactantes, 34 camas ubicadas en segunda infancia, y 6 camas para la UTIP.<\/p>\n<h3>Objetivos:<\/h3>\n<p>El Centro de Responsabilidad Pedi\u00e1trico, tiene como objetivo atender a ni\u00f1os y bebes enfermos entreg\u00e1ndoles los cuidados m\u00e9dicos y de enfermer\u00eda que requieran.<\/p>\n<h3>Misi\u00f3n:<\/h3>\n<p>Brindar atenci\u00f3n oportuna y de calidad a la poblaci\u00f3n infantil de 0 a 15 a\u00f1os de la Provincia de Linares para satisfacci\u00f3n del binomio Padres- Hijos.<\/p>\n<h3>Contacto:<\/h3>\n<p>Encargado: Dra.\u00a0Silvia Reyes Delgado<br \/>\nCorreo Electr\u00f3nico: spediatria@hospitaldelinares.cl<br \/>\nTel\u00e9fono: (73) 2 566 643<\/p>\n<p>&nbsp;<\/p>\n<h4 style=\"text-align: right;\" align=\"justify\"><a href=\"https:\/\/www.hospitaldelinares.gob.cl\/?page_id=46\">Volver Atras<\/a><\/h4>\n","protected":false},"excerpt":{"rendered":"<p>Este Centro de Responsabilidad se encuentra ubicado en el quinto piso del establecimiento y dispone del siguiente equipamiento: 18 cunas para lactantes, 34 camas ubicadas en segunda infancia, y 6 camas para la UTIP. Objetivos: [&hellip;]<\/p>\n","protected":false},"author":2,"featured_media":0,"parent":0,"menu_order":0,"comment_status":"open","ping_status":"open","template":"","meta":{"footnotes":""},"class_list":["post-110","page","type-page","status-publish","hentry"],"_links":{"self":[{"href":"https:\/\/www.hospitaldelinares.gob.cl\/index.php?rest_route=\/wp\/v2\/pages\/110","targetHints":{"allow":["GET"]}}],"collection":[{"href":"https:\/\/www.hospitaldelinares.gob.cl\/index.php?rest_route=\/wp\/v2\/pages"}],"about":[{"href":"https:\/\/www.hospitaldelinares.gob.cl\/index.php?rest_route=\/wp\/v2\/types\/page"}],"author":[{"embeddable":true,"href":"https:\/\/www.hospitaldelinares.gob.cl\/index.php?rest_route=\/wp\/v2\/users\/2"}],"replies":[{"embeddable":true,"href":"https:\/\/www.hospitaldelinares.gob.cl\/index.php?rest_route=%2Fwp%2Fv2%2Fcomments&post=110"}],"version-history":[{"count":9,"href":"https:\/\/www.hospitaldelinares.gob.cl\/index.php?rest_route=\/wp\/v2\/pages\/110\/revisions"}],"predecessor-version":[{"id":8290,"href":"https:\/\/www.hospitaldelinares.gob.cl\/index.php?rest_route=\/wp\/v2\/pages\/110\/revisions\/8290"}],"wp:attachment":[{"href":"https:\/\/www.hospitaldelinares.gob.cl\/index.php?rest_route=%2Fwp%2Fv2%2Fmedia&parent=110"}],"curies":[{"name":"wp","href":"https:\/\/api.w.org\/{rel}","templated":true}]}}