{"id":107,"date":"2012-10-16T20:25:16","date_gmt":"2012-10-16T20:25:16","guid":{"rendered":"https:\/\/www.hospitaldelinares.gob.cl\/?page_id=107"},"modified":"2017-04-12T09:55:36","modified_gmt":"2017-04-12T12:55:36","slug":"centro-de-responsabilidad-odontologico","status":"publish","type":"page","link":"https:\/\/www.hospitaldelinares.gob.cl\/?page_id=107","title":{"rendered":"Centro de Responsabilidad Odontologico"},"content":{"rendered":"<p>El Centro de Responsabilidad Odontol\u00f3gico se encuentra ubicado en el 3er piso del Centro de Atenci\u00f3n de Especialidades (CAE). Las especialidades que se realizan en este centro de responsabilidad son: Rehabilitaci\u00f3n oral, Endodoncia, Periodoncia, Oclusi\u00f3n, Ortodoncia, odontopediatr\u00eda, Radiolog\u00eda y cirug\u00eda maxilofacial.<\/p>\n<h3>Objetivos:<\/h3>\n<p>Combinar sabiamente productividad y calidad de atenci\u00f3n, para dar un servicio de excelencia a nuestros pacientes, entregando una atenci\u00f3n integral en salud bucal desde la prevenci\u00f3n hasta el tratamiento precoz y la rehabilitaci\u00f3n global.<\/p>\n<h3>Misi\u00f3n:<\/h3>\n<p>Dar atenci\u00f3n odontol\u00f3gica de calidad a personas de medianos y bajos recursos econ\u00f3micos. Los tratamientos los realizan profesionales altamente calificados en el \u00e1rea.<\/p>\n<h3>Contacto:<\/h3>\n<p>Encargado: Dr. Eduardo Espinosa Almendras<br \/>\nCorreo Electr\u00f3nico: sdental@hospitaldelinares.cl<br \/>\nTel\u00e9fono: (73) 2 566722<\/p>\n<h4 style=\"text-align: right;\" align=\"justify\"><a href=\"https:\/\/www.hospitaldelinares.gob.cl\/?page_id=46\">Volver Atras<\/a><\/h4>\n","protected":false},"excerpt":{"rendered":"<p>El Centro de Responsabilidad Odontol\u00f3gico se encuentra ubicado en el 3er piso del Centro de Atenci\u00f3n de Especialidades (CAE). Las especialidades que se realizan en este centro de responsabilidad son: Rehabilitaci\u00f3n oral, Endodoncia, Periodoncia, Oclusi\u00f3n, [&hellip;]<\/p>\n","protected":false},"author":2,"featured_media":0,"parent":0,"menu_order":0,"comment_status":"open","ping_status":"open","template":"","meta":{"footnotes":""},"class_list":["post-107","page","type-page","status-publish","hentry"],"_links":{"self":[{"href":"https:\/\/www.hospitaldelinares.gob.cl\/index.php?rest_route=\/wp\/v2\/pages\/107","targetHints":{"allow":["GET"]}}],"collection":[{"href":"https:\/\/www.hospitaldelinares.gob.cl\/index.php?rest_route=\/wp\/v2\/pages"}],"about":[{"href":"https:\/\/www.hospitaldelinares.gob.cl\/index.php?rest_route=\/wp\/v2\/types\/page"}],"author":[{"embeddable":true,"href":"https:\/\/www.hospitaldelinares.gob.cl\/index.php?rest_route=\/wp\/v2\/users\/2"}],"replies":[{"embeddable":true,"href":"https:\/\/www.hospitaldelinares.gob.cl\/index.php?rest_route=%2Fwp%2Fv2%2Fcomments&post=107"}],"version-history":[{"count":7,"href":"https:\/\/www.hospitaldelinares.gob.cl\/index.php?rest_route=\/wp\/v2\/pages\/107\/revisions"}],"predecessor-version":[{"id":8284,"href":"https:\/\/www.hospitaldelinares.gob.cl\/index.php?rest_route=\/wp\/v2\/pages\/107\/revisions\/8284"}],"wp:attachment":[{"href":"https:\/\/www.hospitaldelinares.gob.cl\/index.php?rest_route=%2Fwp%2Fv2%2Fmedia&parent=107"}],"curies":[{"name":"wp","href":"https:\/\/api.w.org\/{rel}","templated":true}]}}