{"id":100,"date":"2012-10-16T20:22:54","date_gmt":"2012-10-16T20:22:54","guid":{"rendered":"https:\/\/www.hospitaldelinares.gob.cl\/?page_id=100"},"modified":"2017-04-12T09:55:01","modified_gmt":"2017-04-12T12:55:01","slug":"centro-de-responsabilidad-gineco-obstetrico","status":"publish","type":"page","link":"https:\/\/www.hospitaldelinares.gob.cl\/?page_id=100","title":{"rendered":"Centro de Responsabilidad G\u00edneco-Obstetrico"},"content":{"rendered":"<p>Este Centro de Responsabilidad funciona en el cuarto piso del establecimiento y dispone de 50 camas distribuidas en 10 camas ginecol\u00f3gicas y 40 camas obst\u00e9tricas, de las cuales 20 camas est\u00e1n disponibles para ARO y las otras 20 est\u00e1n disponibles para Puerperio normal y Quir\u00fargico Adem\u00e1s, la secci\u00f3n de Pre-parto dispone de 6 camas de tr\u00e1nsito y 2 Box de Partos.<\/p>\n<h3>Objetivos:<\/h3>\n<p>El Centro de Responsabilidad Gineco-Obstetrico, es un conjunto organizado de recursos humanos y materiales que tiene como objetivo entregar acciones de prevenci\u00f3n y fomento de la salud, as\u00ed como tambi\u00e9n de recuperaci\u00f3n, rehabilitaci\u00f3n y cuidados paliativos a usuarias de la provincia de Linares, en aspectos Gineco-obst\u00e9tricos normales y patol\u00f3gicos de resoluci\u00f3n m\u00e9dico-quir\u00fargico.<\/p>\n<h3>Misi\u00f3n:<\/h3>\n<p>Atenci\u00f3n integral, oportuna y segura a las mujeres y reci\u00e9n nacidos de la provincia de Linares, teniendo como valores a seguir el respeto, compromiso y satisfacci\u00f3n usuaria.<\/p>\n<h3>Contacto:<\/h3>\n<p>Encargado: Dr. Jos\u00e9 Martinez Mosqueira<br \/>\nCorreo Electr\u00f3nico: sgine@hospitaldelinares.cl<br \/>\nTel\u00e9fono: (73) 2 566 578<\/p>\n<p>&nbsp;<\/p>\n<h4 style=\"text-align: right;\" align=\"justify\"><a href=\"https:\/\/www.hospitaldelinares.gob.cl\/?page_id=46\">Volver Atras<\/a><\/h4>\n","protected":false},"excerpt":{"rendered":"<p>Este Centro de Responsabilidad funciona en el cuarto piso del establecimiento y dispone de 50 camas distribuidas en 10 camas ginecol\u00f3gicas y 40 camas obst\u00e9tricas, de las cuales 20 camas est\u00e1n disponibles para ARO y [&hellip;]<\/p>\n","protected":false},"author":2,"featured_media":0,"parent":0,"menu_order":0,"comment_status":"open","ping_status":"open","template":"","meta":{"footnotes":""},"class_list":["post-100","page","type-page","status-publish","hentry"],"_links":{"self":[{"href":"https:\/\/www.hospitaldelinares.gob.cl\/index.php?rest_route=\/wp\/v2\/pages\/100","targetHints":{"allow":["GET"]}}],"collection":[{"href":"https:\/\/www.hospitaldelinares.gob.cl\/index.php?rest_route=\/wp\/v2\/pages"}],"about":[{"href":"https:\/\/www.hospitaldelinares.gob.cl\/index.php?rest_route=\/wp\/v2\/types\/page"}],"author":[{"embeddable":true,"href":"https:\/\/www.hospitaldelinares.gob.cl\/index.php?rest_route=\/wp\/v2\/users\/2"}],"replies":[{"embeddable":true,"href":"https:\/\/www.hospitaldelinares.gob.cl\/index.php?rest_route=%2Fwp%2Fv2%2Fcomments&post=100"}],"version-history":[{"count":7,"href":"https:\/\/www.hospitaldelinares.gob.cl\/index.php?rest_route=\/wp\/v2\/pages\/100\/revisions"}],"predecessor-version":[{"id":8279,"href":"https:\/\/www.hospitaldelinares.gob.cl\/index.php?rest_route=\/wp\/v2\/pages\/100\/revisions\/8279"}],"wp:attachment":[{"href":"https:\/\/www.hospitaldelinares.gob.cl\/index.php?rest_route=%2Fwp%2Fv2%2Fmedia&parent=100"}],"curies":[{"name":"wp","href":"https:\/\/api.w.org\/{rel}","templated":true}]}}